{"id":16,"date":"2018-06-21T12:30:16","date_gmt":"2018-06-21T10:30:16","guid":{"rendered":"http:\/\/val-et-zen.fr\/?page_id=16"},"modified":"2025-03-20T17:51:22","modified_gmt":"2025-03-20T16:51:22","slug":"accueil","status":"publish","type":"page","link":"https:\/\/val-et-zen.fr\/","title":{"rendered":"VAL &#038; ZEN au service de votre bien-\u00eatre et de votre pr\u00e9vention !"},"content":{"rendered":"\n<p><\/p>\n\n\n\n<p><strong>Bienvenue chez Val &amp; Zen ! Votre partenaire en pr\u00e9vention des risques et bien-\u00eatre au travail !<\/strong><\/p>\n\n\n\n<p>\ud83c\udf3f <strong>S\u00e9curisez, formez et prenez soin de votre bien-\u00eatre !<\/strong><\/p>\n\n\n\n<p>Chez <strong>Val &amp; Zen<\/strong>, nous vous accompagnons dans la <strong>pr\u00e9vention des risques<\/strong>, la <strong>formation en secourisme<\/strong> et le <strong>bien-\u00eatre en entreprise<\/strong>. Parce qu\u2019un environnement s\u00e9curis\u00e9 et apaisant est la cl\u00e9 d\u2019une meilleure qualit\u00e9 de vie au travail, nous proposons des solutions adapt\u00e9es \u00e0 vos besoins.<\/p>\n\n\n\n<hr class=\"wp-block-separator has-alpha-channel-opacity\"\/>\n\n\n\n<h3 class=\"wp-block-heading\">\ud83d\ude80 Nos services<\/h3>\n\n\n\n<p>\u2705 <strong>Formations en pr\u00e9vention des risques et secourisme<\/strong><br>Soyez pr\u00eats \u00e0 agir en cas d\u2019urgence ! Apprenez les bons gestes pour prot\u00e9ger et secourir efficacement.<\/p>\n\n\n\n<p>\u2705 <strong>Accompagnement en bien-\u00eatre<\/strong><br>Ateliers de relaxation, gestion du stress, ergonomie\u2026 Prenez soin de vous et de vos \u00e9quipes.<\/p>\n\n\n\n<p>\u2705 <strong>Conseil et audit en s\u00e9curit\u00e9<\/strong><br>Identifiez et r\u00e9duisez les risques professionnels gr\u00e2ce \u00e0 nos experts en pr\u00e9vention.<\/p>\n\n\n\n<hr class=\"wp-block-separator has-alpha-channel-opacity\"\/>\n\n\n\n<h3 class=\"wp-block-heading\">\u2728 Pourquoi choisir Val &amp; Zen ?<\/h3>\n\n\n\n<p>\u2705 <strong>Des formations interactives et engageantes<\/strong>.<br>\u2705 <strong>Une approche personnalis\u00e9e selon votre secteur<\/strong>.<br>\u2705 <strong>Des experts passionn\u00e9s et certifi\u00e9s<\/strong>.<br>\u2705 <strong>Un impact positif sur la s\u00e9curit\u00e9 et la s\u00e9r\u00e9nit\u00e9 au travail<\/strong>.<br>\u2705 <strong>Des formations disponibles en fran\u00e7ais et en anglais<\/strong>.<\/p>\n\n\n\n<hr class=\"wp-block-separator has-alpha-channel-opacity\"\/>\n\n\n\n<h3 class=\"wp-block-heading\">\ud83d\udcc6 Besoin d\u2019un accompagnement ?<\/h3>\n\n\n\n<p>Prenons contact pour d\u00e9finir ensemble vos besoins !<\/p>\n\n\n\n<p>\ud83d\udc49 <strong><a href=\"mailto:valetzen92400@gmail.com\">R\u00e9server un rendez-vous<\/a><\/strong> | <strong><a href=\"https:\/\/val-et-zen.fr\/index.php\/formations-secourisme\/\" data-type=\"page\" data-id=\"116\">D\u00e9couvrir nos formations<\/a><\/strong><\/p>\n\n\n\n<hr class=\"wp-block-separator has-alpha-channel-opacity\"\/>\n\n\n\n<style>\r\n\r\n#wpsm_counter_b_row_685 .wpsm_counterbox\r\n{\r\n\ttext-align:center;\r\n\tmargin-top:50px;\r\n\tmargin-bottom:50px;\r\n}\r\n#wpsm_counter_b_row_685 .wpsm_counterbox .wpsm_count-icon{\r\n\tdisplay:block;\r\n\tmargin-top:20px;\r\n\tpadding-top:0px;\r\n\tpadding-bottom:0px;\r\n\tmargin-bottom:0px;\r\n\tmargin:0 auto;\r\n}\r\n#wpsm_counter_b_row_685 .wpsm_counterbox .wpsm_count-icon i{\r\n\tfont-size:40px;\r\n\tcolor:#38a332;\r\n}\r\n#wpsm_counter_b_row_685 .wpsm_counterbox .wpsm_number{\r\n\tfont-size:25px;\r\n\tfont-weight:400;\r\n\tcolor:#38a332;\r\n\tfont-family:'Open Sans';\r\n\tletter-spacing:2px;\r\n\tmargin-top:20px;\r\n\tline-height: 1.3em;\r\n\tpadding-top:0px;\r\n\tpadding-bottom:0px;\r\n\tmargin-bottom:0px;\r\n}\r\n#wpsm_counter_b_row_685 .wpsm_counterbox .wpsm_count-title{\r\n    font-size:15px;\r\n\tfont-weight:bolder;\r\n\tfont-family:'Open Sans';\r\n\tletter-spacing:2px;\r\n    color: #38a332;\r\n\tfont-weight:400;\r\n\tmargin-top:20px;\r\n\tpadding-top:0px;\r\n\tpadding-bottom:0px;\r\n\tmargin-bottom:0px;\r\n\tline-height: 1.3em;\r\n}\r\n\r\n<\/style> \r\n\t\t \r\n\t\t\r\n\t\t<style>\r\n\t\t#wpsm_counter_b_row_685\t\t\t{\r\n\t\t\t\t\r\n\t\t\t\tposition:relative;\r\n\t\t\t\twidth:100%;\r\n\t\t\t\toverflow:hidden;\r\n\t\t\t\ttext-align:center;\r\n\t\t\t}\r\n\t\t\t \r\n\t\t\t#wpsm_counter_b_row_685 .wpsm_row{\r\n\t\t\toverflow:hidden;\r\n\t\t\tdisplay:block;\r\n\t\t\twidth:100%;\r\n\t\t\t} \r\n\t\t\t \r\n\t\t\t#wpsm_counter_b_row_685 .wpsm_row{\r\n\t\t\toverflow:visible;\r\n\t\t\t} \r\n\t\t\t \r\n\t\t\t#wpsm_counter_b_row_685 .wpsm_counterbox .wpsm_count-title{\r\n\t\t\tmin-height:56px;\r\n\t\t\t}}\r\n\t\t\t \r\n\t\t<\/style>\r\n\t\t\r\n\t\t<div class=\"wpsm_counter_b_row\" id=\"wpsm_counter_b_row_685\">\r\n\t\t\t<div>\r\n\t\t\t\t<div class=\"wpsm_row\">\r\n\t\t\r\n\t\t\t\t\t\t<div class=\"wpsm_col-md-4 wpsm_col-sm-6\">\r\n\t\t\t\t\t<div class=\"wpsm_counterbox\">\r\n\t\t\t\t\t\t \r\n\t\t\t\t\t\t<div class=\"wpsm_count-icon\"><i #38a332 class=\"fa fa-users\"><\/i><\/div>\r\n\t\t\t\t\t\t\t\t\t\t\t\t<div class=\"wpsm_number\" style=\"#38a332\" >\r\n\t\t\t\t\t\t   <span class=\"counter\">96\t\t\t\t\t\t   <\/span>\r\n\t\t\t\t\t\t    \r\n\t\t\t\t\t    <\/div>\r\n\t\t\t\t\t\t<h3 class=\"wpsm_count-title\" #38a332> Taux de satisfaction des participants<\/h3>\r\n\t\t\t\t\t\t \r\n\t\t\t\t\t<\/div>\r\n\t\t\t\t<\/div>\r\n\t\t\t\t\t\t\t\t\t<div class=\"wpsm_col-md-4 wpsm_col-sm-6\">\r\n\t\t\t\t\t<div class=\"wpsm_counterbox\">\r\n\t\t\t\t\t\t \r\n\t\t\t\t\t\t<div class=\"wpsm_count-icon\"><i #38a332 class=\"fa fa-comments\"><\/i><\/div>\r\n\t\t\t\t\t\t\t\t\t\t\t\t<div class=\"wpsm_number\" style=\"#38a332\" >\r\n\t\t\t\t\t\t   <span class=\"counter\">97\t\t\t\t\t\t   <\/span>\r\n\t\t\t\t\t\t    \r\n\t\t\t\t\t    <\/div>\r\n\t\t\t\t\t\t<h3 class=\"wpsm_count-title\" #38a332> Taux de recommandations de nos formations<\/h3>\r\n\t\t\t\t\t\t \r\n\t\t\t\t\t<\/div>\r\n\t\t\t\t<\/div>\r\n\t\t\t\t\t\t\t\r\n\t\t\t<\/div>\t\t\t\t<\/div>\r\n\t\t<\/div>\r\n\t\t\r\n\t\n\n\n\n<p>\ud83d\udd0e <strong>T\u00e9moignages<\/strong><\/p>\n\n\n\n<p>\u2b50 \u00ab\u00a0Tr\u00e8s bonne exp\u00e9rience. Ca nous a permis d&rsquo;apprendre \u00e9norm\u00e9ment de choses et de savoir s&rsquo;adapter \u00e0 tout type de situation.\u00a0\u00bb<br>\u2b50 \u00ab\u00a0Tr\u00e8s bien expliqu\u00e9 par Val\u00e9rie, bonne m\u00e9thodologie. Animatrice pleine de vigueur et vraiment \u00e0 votre disposition.\u00a0\u00bb &#8211; <strong>Serge<\/strong>.<br>\u2b50 \u00ab\u00a0Formidable intervenante : dynamique et claire dans ses explications !\u00a0\u00bb &#8211; <strong>Aur\u00e9lie<\/strong>.<br><br>Pour d&rsquo;autres t\u00e9moignages&#8230; <a href=\"https:\/\/val-et-zen.fr\/index.php\/paroles-de-stagiaires-2\/\">\ud83d\udde8\ufe0f\ud83d\udcac<\/a><\/p>\n\n\n\n<hr class=\"wp-block-separator has-alpha-channel-opacity\"\/>\n\n\n\n<p>\ud83d\udccd <strong>O\u00f9 nous trouver ?<\/strong><br>4 boulevard Saint Denis &#8211; 92400 COURBEVOIE<\/p>\n\n\n\n<p>\u260e\ufe0f <strong>Comment nous joindre ?<\/strong><br>06 72 54 77 28<\/p>\n\n\n\n<p>\ud83d\udce9 <strong>O\u00f9 nous \u00e9crire ?<\/strong><br>valetzen92400@gmail.com<\/p>\n\n\n\n<p>\ud83d\udce2 Suivez-nous sur les r\u00e9seaux sociaux pour des conseils et actus ! <\/p>\n","protected":false},"excerpt":{"rendered":"<p>Bienvenue chez Val &amp; Zen ! Votre partenaire en pr\u00e9vention des risques et bien-\u00eatre au travail ! \ud83c\udf3f S\u00e9curisez, formez et prenez soin de votre bien-\u00eatre ! Chez Val &amp; Zen, nous vous accompagnons dans la pr\u00e9vention des risques, la formation en secourisme et le bien-\u00eatre en entreprise. Parce qu\u2019un environnement s\u00e9curis\u00e9 et apaisant est &hellip; <a href=\"https:\/\/val-et-zen.fr\/?p=685\" class=\"more-link\">Continuer la lecture de <span class=\"screen-reader-text\">Satisfactions<\/span><\/a><\/p>\n","protected":false},"author":1,"featured_media":0,"parent":0,"menu_order":0,"comment_status":"closed","ping_status":"closed","template":"","meta":{"footnotes":""},"class_list":["post-16","page","type-page","status-publish","hentry"],"_links":{"self":[{"href":"https:\/\/val-et-zen.fr\/index.php\/wp-json\/wp\/v2\/pages\/16","targetHints":{"allow":["GET"]}}],"collection":[{"href":"https:\/\/val-et-zen.fr\/index.php\/wp-json\/wp\/v2\/pages"}],"about":[{"href":"https:\/\/val-et-zen.fr\/index.php\/wp-json\/wp\/v2\/types\/page"}],"author":[{"embeddable":true,"href":"https:\/\/val-et-zen.fr\/index.php\/wp-json\/wp\/v2\/users\/1"}],"replies":[{"embeddable":true,"href":"https:\/\/val-et-zen.fr\/index.php\/wp-json\/wp\/v2\/comments?post=16"}],"version-history":[{"count":43,"href":"https:\/\/val-et-zen.fr\/index.php\/wp-json\/wp\/v2\/pages\/16\/revisions"}],"predecessor-version":[{"id":686,"href":"https:\/\/val-et-zen.fr\/index.php\/wp-json\/wp\/v2\/pages\/16\/revisions\/686"}],"wp:attachment":[{"href":"https:\/\/val-et-zen.fr\/index.php\/wp-json\/wp\/v2\/media?parent=16"}],"curies":[{"name":"wp","href":"https:\/\/api.w.org\/{rel}","templated":true}]}}