{"id":18,"date":"2018-06-21T12:30:16","date_gmt":"2018-06-21T10:30:16","guid":{"rendered":"http:\/\/val-et-zen.fr\/?page_id=18"},"modified":"2025-03-14T16:54:12","modified_gmt":"2025-03-14T15:54:12","slug":"contact","status":"publish","type":"page","link":"https:\/\/val-et-zen.fr\/index.php\/contact\/","title":{"rendered":"Contact"},"content":{"rendered":"\n<div class=\"wpcf7 no-js\" id=\"wpcf7-f628-o1\" lang=\"en-US\" dir=\"ltr\" data-wpcf7-id=\"628\">\n<div class=\"screen-reader-response\"><p role=\"status\" aria-live=\"polite\" aria-atomic=\"true\"><\/p> <ul><\/ul><\/div>\n<form action=\"\/index.php\/wp-json\/wp\/v2\/pages\/18#wpcf7-f628-o1\" method=\"post\" class=\"wpcf7-form init\" aria-label=\"Contact form\" novalidate=\"novalidate\" data-status=\"init\">\n<fieldset class=\"hidden-fields-container\"><input type=\"hidden\" name=\"_wpcf7\" value=\"628\" \/><input type=\"hidden\" name=\"_wpcf7_version\" value=\"6.1.5\" \/><input type=\"hidden\" name=\"_wpcf7_locale\" value=\"en_US\" \/><input type=\"hidden\" name=\"_wpcf7_unit_tag\" value=\"wpcf7-f628-o1\" \/><input type=\"hidden\" name=\"_wpcf7_container_post\" value=\"0\" \/><input type=\"hidden\" name=\"_wpcf7_posted_data_hash\" value=\"\" \/>\n<\/fieldset>\n<p><label for=\"first-name\">Pr\u00e9nom (obligatoire)<\/label><br \/>\n<span class=\"wpcf7-form-control-wrap\" data-name=\"first-name\"><input size=\"40\" maxlength=\"400\" class=\"wpcf7-form-control wpcf7-text wpcf7-validates-as-required\" aria-required=\"true\" aria-invalid=\"false\" value=\"\" type=\"text\" name=\"first-name\" \/><\/span>\n<\/p>\n<p><label for=\"last-name\">Nom (obligatoire)<\/label><br \/>\n<span class=\"wpcf7-form-control-wrap\" data-name=\"last-name\"><input size=\"40\" maxlength=\"400\" class=\"wpcf7-form-control wpcf7-text wpcf7-validates-as-required\" aria-required=\"true\" aria-invalid=\"false\" value=\"\" type=\"text\" name=\"last-name\" \/><\/span>\n<\/p>\n<p><label for=\"phone\">T\u00e9l\u00e9phone (obligatoire)<\/label><br \/>\n<span class=\"wpcf7-form-control-wrap\" data-name=\"phone\"><input size=\"40\" maxlength=\"400\" class=\"wpcf7-form-control wpcf7-tel wpcf7-validates-as-required wpcf7-text wpcf7-validates-as-tel\" aria-required=\"true\" aria-invalid=\"false\" value=\"\" type=\"tel\" name=\"phone\" \/><\/span>\n<\/p>\n<p><label for=\"email\">Email (obligatoire)<\/label><br \/>\n<span class=\"wpcf7-form-control-wrap\" data-name=\"email\"><input size=\"40\" maxlength=\"400\" class=\"wpcf7-form-control wpcf7-email wpcf7-validates-as-required wpcf7-text wpcf7-validates-as-email\" aria-required=\"true\" aria-invalid=\"false\" value=\"\" type=\"email\" name=\"email\" \/><\/span>\n<\/p>\n<p><label for=\"company\">Soci\u00e9t\u00e9 (obligatoire)<\/label><br \/>\n<span class=\"wpcf7-form-control-wrap\" data-name=\"company\"><input size=\"40\" maxlength=\"400\" class=\"wpcf7-form-control wpcf7-text wpcf7-validates-as-required\" aria-required=\"true\" aria-invalid=\"false\" value=\"\" type=\"text\" name=\"company\" \/><\/span>\n<\/p>\n<p><label for=\"subject\">Objet du Message<\/label><br \/>\n<span class=\"wpcf7-form-control-wrap\" data-name=\"subject\"><input size=\"40\" maxlength=\"400\" class=\"wpcf7-form-control wpcf7-text wpcf7-validates-as-required\" aria-required=\"true\" aria-invalid=\"false\" value=\"\" type=\"text\" name=\"subject\" \/><\/span>\n<\/p>\n<p><label for=\"message\">Message<\/label><br \/>\n<span class=\"wpcf7-form-control-wrap\" data-name=\"message\"><textarea cols=\"40\" rows=\"10\" maxlength=\"2000\" class=\"wpcf7-form-control wpcf7-textarea\" aria-invalid=\"false\" name=\"message\"><\/textarea><\/span>\n<\/p>\n<p><label for=\"data-agreement\">J'accepte les conditions de gestion des donn\u00e9es (obligatoire)<\/label><br \/>\n<span class=\"wpcf7-form-control-wrap\" data-name=\"data-agreement\"><span class=\"wpcf7-form-control wpcf7-checkbox wpcf7-validates-as-required\"><span class=\"wpcf7-list-item first last\"><input type=\"checkbox\" name=\"data-agreement[]\" value=\"J&#039;accepte\" \/><span class=\"wpcf7-list-item-label\">J&#039;accepte<\/span><\/span><\/span><\/span>\n<\/p>\n<p><input class=\"wpcf7-form-control wpcf7-submit has-spinner\" type=\"submit\" value=\"Envoyer\" \/>\n<\/p><p style=\"display: none !important;\" class=\"akismet-fields-container\" data-prefix=\"_wpcf7_ak_\"><label>&#916;<textarea name=\"_wpcf7_ak_hp_textarea\" cols=\"45\" rows=\"8\" maxlength=\"100\"><\/textarea><\/label><input type=\"hidden\" id=\"ak_js_1\" name=\"_wpcf7_ak_js\" value=\"140\"\/><script>document.getElementById( \"ak_js_1\" ).setAttribute( \"value\", ( new Date() ).getTime() );<\/script><\/p><div class=\"wpcf7-response-output\" aria-hidden=\"true\"><\/div>\n<\/form>\n<\/div>\n\n<p>En application du R\u00e8glement G\u00e9n\u00e9ral sur la Protection des Donn\u00e9es entr\u00e9 en vigueur le 25 mai 2018, les informations suivantes sont port\u00e9es \u00e0 votre connaissance :<\/p>\n<ol>\n<li><strong>Identit\u00e9 du responsable de traitement.<\/strong><\/li>\n<\/ol>\n<p>Val\u00e9rie LAURENT \u2013 Fondatrice et Directrice de la soci\u00e9t\u00e9 VAL &amp; ZEN.<\/p>\n<ol start=\"2\">\n<li><strong>Finalit\u00e9 du traitement<\/strong><\/li>\n<\/ol>\n<p>Vous adresser une documentation suite \u00e0 votre demande.<\/p>\n<ol start=\"3\">\n<li><strong>La dur\u00e9e de conservation des donn\u00e9es.<\/strong><\/li>\n<\/ol>\n<p>Limit\u00e9e \u00e0 la dur\u00e9e du traitement.<\/p>\n<ol start=\"4\">\n<li><strong>Votre consentement conditionne le traitement de vos donn\u00e9es.<\/strong><\/li>\n<\/ol>\n<p>Vous \u00eates inscrit dans la liste de diffusion de la soci\u00e9t\u00e9 VAL &amp; ZEN. Toutes les informations que vous recevez de notre part ne concernent que l\u2019actualit\u00e9 de la soci\u00e9t\u00e9.<\/p>\n<ol start=\"5\">\n<li><strong>Les informations collect\u00e9es par le biais de ce site sont exclusivement destin\u00e9es \u00e0 la soci\u00e9t\u00e9 VAL &amp; ZEN.<\/strong><\/li>\n<\/ol>\n<p>Conform\u00e9ment aux dispositions contenues dans le RGPD entr\u00e9e en application \u00e0 compter du 25 mai 2018, vous disposez d\u2019un droit d\u2019acc\u00e8s, de rectification, de modification et de suppression concernant les donn\u00e9es qui vous concernent. Le demandeur doit \u00eatre en mesure d\u2019apporter la preuve de son identit\u00e9.<\/p>\n<p>Vous pouvez exercer ce droit en envoyant\u00a0:<\/p>\n<ul>\n<li>un courriel \u00e0\u00a0:<\/li>\n<\/ul>\n<p><strong><a href=\"mailto:valetzen92400@gmail.com\">valetzen92400@gmail.com<\/a><\/strong> en indiquant en objet\u00a0: <strong>\u00ab\u00a0Suppression de mes donn\u00e9es\u00a0\u00bb<\/strong><\/p>\n<p>ou<\/p>\n<ul>\n<li>un courrier postal \u00e0\u00a0:<\/li>\n<\/ul>\n<p><strong>VAL &amp; ZEN<\/strong><\/p>\n<p><strong>Madame Val\u00e9rie LAURENT<\/strong><\/p>\n<p><strong>4 boulevard Saint Denis<\/strong><\/p>\n<p><strong>92400 COURBEVOIE.<\/strong><\/p>\n","protected":false},"excerpt":{"rendered":"<p>En application du R\u00e8glement G\u00e9n\u00e9ral sur la Protection des Donn\u00e9es entr\u00e9 en vigueur le 25 mai 2018, les informations suivantes sont port\u00e9es \u00e0 votre connaissance : Identit\u00e9 du responsable de traitement. Val\u00e9rie LAURENT \u2013 Fondatrice et Directrice de la soci\u00e9t\u00e9 VAL &amp; ZEN. Finalit\u00e9 du traitement Vous adresser une documentation suite \u00e0 votre demande. La &hellip; <a href=\"https:\/\/val-et-zen.fr\/index.php\/contact\/\" class=\"more-link\">Continuer la lecture de <span class=\"screen-reader-text\">Contact<\/span><\/a><\/p>\n","protected":false},"author":1,"featured_media":0,"parent":0,"menu_order":0,"comment_status":"closed","ping_status":"closed","template":"","meta":{"footnotes":""},"class_list":["post-18","page","type-page","status-publish","hentry"],"_links":{"self":[{"href":"https:\/\/val-et-zen.fr\/index.php\/wp-json\/wp\/v2\/pages\/18","targetHints":{"allow":["GET"]}}],"collection":[{"href":"https:\/\/val-et-zen.fr\/index.php\/wp-json\/wp\/v2\/pages"}],"about":[{"href":"https:\/\/val-et-zen.fr\/index.php\/wp-json\/wp\/v2\/types\/page"}],"author":[{"embeddable":true,"href":"https:\/\/val-et-zen.fr\/index.php\/wp-json\/wp\/v2\/users\/1"}],"replies":[{"embeddable":true,"href":"https:\/\/val-et-zen.fr\/index.php\/wp-json\/wp\/v2\/comments?post=18"}],"version-history":[{"count":7,"href":"https:\/\/val-et-zen.fr\/index.php\/wp-json\/wp\/v2\/pages\/18\/revisions"}],"predecessor-version":[{"id":680,"href":"https:\/\/val-et-zen.fr\/index.php\/wp-json\/wp\/v2\/pages\/18\/revisions\/680"}],"wp:attachment":[{"href":"https:\/\/val-et-zen.fr\/index.php\/wp-json\/wp\/v2\/media?parent=18"}],"curies":[{"name":"wp","href":"https:\/\/api.w.org\/{rel}","templated":true}]}}