{"id":454,"date":"2023-01-24T17:24:44","date_gmt":"2023-01-24T16:24:44","guid":{"rendered":"https:\/\/val-et-zen.fr\/?page_id=454"},"modified":"2023-01-24T17:24:44","modified_gmt":"2023-01-24T16:24:44","slug":"sauveteur-secouriste-du-travail-sst","status":"publish","type":"page","link":"https:\/\/val-et-zen.fr\/index.php\/sauveteur-secouriste-du-travail-sst\/","title":{"rendered":"Sauveteur Secouriste du Travail (SST)"},"content":{"rendered":"\n<p class=\"has-text-color has-medium-font-size\" style=\"color:#039333\"><strong>OBJECTIFS<\/strong><\/p>\n\n\n\n<ul class=\"wp-block-list\">\n<li>Intervenir imm\u00e9diatement et efficacement en cas d&rsquo;accident.<\/li>\n\n\n\n<li>Promouvoir la pr\u00e9vention des risques professionnels dans la limite de son champ de comp\u00e9tence, son autonomie et le respect de l&rsquo;organisation de l&rsquo;entreprise et des processus fix\u00e9s en mati\u00e8re de pr\u00e9vention.<\/li>\n<\/ul>\n\n\n\n<p><\/p>\n\n\n\n<p class=\"has-text-color\" style=\"color:#039333\"><strong>PUBLIC<\/strong><\/p>\n\n\n\n<p>Tout salari\u00e9 de l&rsquo;entreprise.<\/p>\n\n\n\n<p><\/p>\n\n\n\n<p class=\"has-text-color\" style=\"color:#039333\"><strong>DUREE<\/strong><\/p>\n\n\n\n<p>14 heures (2 jours)<\/p>\n\n\n\n<p><\/p>\n\n\n\n<p class=\"has-text-color\" style=\"color:#039333\"><strong>NOMBRE DE PARTICIPANTS<\/strong><\/p>\n\n\n\n<p>4 \u00e0 10 participants maximum obligatoirement pr\u00e9sents.<\/p>\n\n\n\n<p><\/p>\n\n\n\n<p class=\"has-text-color\" style=\"color:#039333\"><strong>PROGRAMME<\/strong><\/p>\n\n\n\n<ul class=\"wp-block-list\">\n<li>Situer le cadre juridique de son intervention.<\/li>\n\n\n\n<li>Situer le r\u00f4le du SST dans l&rsquo;organisation de la pr\u00e9vention de l&rsquo;entreprise.<\/li>\n\n\n\n<li>Contribuer \u00e0 la mise en \u0153uvre d&rsquo;action de pr\u00e9vention.<\/li>\n\n\n\n<li>R\u00e9aliser une protection adapt\u00e9e.<\/li>\n\n\n\n<li>Examiner la (les) victime(s) avant \/ et pour la mise en \u0153uvre de l&rsquo;action choisie en vue du r\u00e9sultat \u00e0 obtenir.<\/li>\n\n\n\n<li>Faire alerter ou alerter en fonction de l&rsquo;organisation des secours dans l&rsquo;entreprise ou l&rsquo;\u00e9tablissement.<\/li>\n\n\n\n<li>Informer les personnes d\u00e9sign\u00e9es dans le plan d&rsquo;organisation de la pr\u00e9vention de l&rsquo;entreprise de la (des) situation(s) dangereuse(s) rep\u00e9r\u00e9e(s).<\/li>\n\n\n\n<li>Secourir la (les) victime(s) de mani\u00e8re approppri\u00e9e :\n<ul class=\"wp-block-list\">\n<li>la victime saigne abondamment,<\/li>\n\n\n\n<li>la victime s&rsquo;\u00e9touffe,<\/li>\n\n\n\n<li>la victime se plaint d&rsquo;un malaise,<\/li>\n\n\n\n<li>la victime se plaint d&rsquo;une br\u00fblure,<\/li>\n\n\n\n<li>la victime se plaint de douleurs emp\u00eachant certains mouvements,<\/li>\n\n\n\n<li>la victime se plaint d&rsquo;une plaie qui ne saigne pas abondamment,<\/li>\n\n\n\n<li>la victime ne r\u00e9pond pas mais respire,<\/li>\n\n\n\n<li>la victime ne r\u00e9pond pas et ne respire pas.<\/li>\n<\/ul>\n<\/li>\n<\/ul>\n\n\n\n<p><\/p>\n\n\n\n<p class=\"has-text-color\" style=\"color:#039333\"><strong>INTERVENANT<\/strong><\/p>\n\n\n\n<p>Formateur SST \u00e0 jour de sa formation continue.<\/p>\n\n\n\n<p><\/p>\n\n\n\n<p class=\"has-text-color\" style=\"color:#039333\"><strong>VALIDATION<\/strong><\/p>\n\n\n\n<ul class=\"wp-block-list\">\n<li>La carte de sauveteur secouriste du travail sera d\u00e9livr\u00e9e au stagiaire qui a particip\u00e9 activement \u00e0 l&rsquo;ensemble de la formation et fait l&rsquo;objet d&rsquo;une \u00e9valuation continue favorable de la part du formateur (selon les crit\u00e8res d&rsquo;\u00e9valuation de l&rsquo;INRS).<\/li>\n\n\n\n<li>Le premier maintien et actualisation des comp\u00e9tences (MAC) apr\u00e8s la formation initiale devra \u00eatre r\u00e9alis\u00e9 dans un d\u00e9lai maximum de 24 mois.<\/li>\n<\/ul>\n\n\n\n<p><\/p>\n\n\n\n<p class=\"has-text-color\" style=\"color:#039333\"><strong>TARIFS<\/strong><\/p>\n\n\n\n<p>Nous consulter.<\/p>\n","protected":false},"excerpt":{"rendered":"<p>OBJECTIFS PUBLIC Tout salari\u00e9 de l&rsquo;entreprise. DUREE 14 heures (2 jours) NOMBRE DE PARTICIPANTS 4 \u00e0 10 participants maximum obligatoirement pr\u00e9sents. PROGRAMME INTERVENANT Formateur SST \u00e0 jour de sa formation continue. VALIDATION TARIFS Nous consulter.<\/p>\n","protected":false},"author":1,"featured_media":0,"parent":0,"menu_order":0,"comment_status":"closed","ping_status":"closed","template":"","meta":{"footnotes":""},"class_list":["post-454","page","type-page","status-publish","hentry"],"_links":{"self":[{"href":"https:\/\/val-et-zen.fr\/index.php\/wp-json\/wp\/v2\/pages\/454","targetHints":{"allow":["GET"]}}],"collection":[{"href":"https:\/\/val-et-zen.fr\/index.php\/wp-json\/wp\/v2\/pages"}],"about":[{"href":"https:\/\/val-et-zen.fr\/index.php\/wp-json\/wp\/v2\/types\/page"}],"author":[{"embeddable":true,"href":"https:\/\/val-et-zen.fr\/index.php\/wp-json\/wp\/v2\/users\/1"}],"replies":[{"embeddable":true,"href":"https:\/\/val-et-zen.fr\/index.php\/wp-json\/wp\/v2\/comments?post=454"}],"version-history":[{"count":11,"href":"https:\/\/val-et-zen.fr\/index.php\/wp-json\/wp\/v2\/pages\/454\/revisions"}],"predecessor-version":[{"id":556,"href":"https:\/\/val-et-zen.fr\/index.php\/wp-json\/wp\/v2\/pages\/454\/revisions\/556"}],"wp:attachment":[{"href":"https:\/\/val-et-zen.fr\/index.php\/wp-json\/wp\/v2\/media?parent=454"}],"curies":[{"name":"wp","href":"https:\/\/api.w.org\/{rel}","templated":true}]}}