{"id":471,"date":"2023-01-24T17:47:52","date_gmt":"2023-01-24T16:47:52","guid":{"rendered":"https:\/\/val-et-zen.fr\/?page_id=471"},"modified":"2023-01-24T17:47:52","modified_gmt":"2023-01-24T16:47:52","slug":"maintien-et-actualisation-des-competences-sst-mac-sst","status":"publish","type":"page","link":"https:\/\/val-et-zen.fr\/index.php\/maintien-et-actualisation-des-competences-sst-mac-sst\/","title":{"rendered":"Maintien et actualisation des comp\u00e9tences SST (MAC SST)"},"content":{"rendered":"\n<p class=\"has-text-color has-medium-font-size\" style=\"color:#039333\"><strong>OBJECTIFS<\/strong><\/p>\n\n\n\n<ul class=\"wp-block-list\">\n<li>Maintenir ses comp\u00e9tences par la r\u00e9vision des gestes d&rsquo;urgence, l&rsquo;actualisation de la formation et l&rsquo;application des principes de base \u00e0 la pr\u00e9vention<\/li>\n<\/ul>\n\n\n\n<p><\/p>\n\n\n\n<p class=\"has-text-color\" style=\"color:#039333\"><strong>PUBLIC<\/strong><\/p>\n\n\n\n<p>Tout salari\u00e9 de l&rsquo;entreprise titulaire du certificat de sauveteur secouriste du travail.<\/p>\n\n\n\n<p><\/p>\n\n\n\n<p class=\"has-text-color\" style=\"color:#039333\"><strong>DUREE<\/strong><\/p>\n\n\n\n<p>7 heures (1 jour)<\/p>\n\n\n\n<p><\/p>\n\n\n\n<p class=\"has-text-color\" style=\"color:#039333\"><strong>NOMBRE DE PARTICIPANTS<\/strong><\/p>\n\n\n\n<p>4 \u00e0 10 participants maximum obligatoirement pr\u00e9sents.<\/p>\n\n\n\n<p><\/p>\n\n\n\n<p class=\"has-text-color\" style=\"color:#039333\"><strong>PROGRAMME<\/strong><\/p>\n\n\n\n<ul class=\"wp-block-list\">\n<li>Evaluer \u00e0 partir de situation d&rsquo;accidents du travail simul\u00e9s les \u00e9carts par rapport au comportement attendu du sauveteur secouriste du travail.<\/li>\n\n\n\n<li>Revoir les proc\u00e9dures en mati\u00e8re de pr\u00e9vention dans le respect de l&rsquo;organisation interne de l&rsquo;entreprise.<\/li>\n\n\n\n<li>R\u00e9viser les gestes d&rsquo;urgence et se mettre \u00e0 jour aux vues des derni\u00e8res recommandations.<\/li>\n<\/ul>\n\n\n\n<p><\/p>\n\n\n\n<p class=\"has-text-color\" style=\"color:#039333\"><strong>INTERVENANT<\/strong><\/p>\n\n\n\n<p>Formateur SST \u00e0 jour de sa formation continue.<\/p>\n\n\n\n<p><\/p>\n\n\n\n<p class=\"has-text-color\" style=\"color:#039333\"><strong>VALIDATION<\/strong><\/p>\n\n\n\n<ul class=\"wp-block-list\">\n<li>Une nouvelle carte de sauveteur secouriste du travail sera d\u00e9livr\u00e9e au stagiaire qui a particip\u00e9 activement \u00e0 l&rsquo;ensemble de la formation et fait l&rsquo;objet d&rsquo;une \u00e9valuation continue favorable de la part du formateur (selon les crit\u00e8res d&rsquo;\u00e9valuation de l&rsquo;INRS).<\/li>\n\n\n\n<li>Les maintiens et actualisation des comp\u00e9tences (MAC) devront \u00eatre r\u00e9alis\u00e9s dans un d\u00e9lai maximum de 24 mois.<\/li>\n<\/ul>\n\n\n\n<p><\/p>\n\n\n\n<p class=\"has-text-color\" style=\"color:#039333\"><strong>TARIFS<\/strong><\/p>\n\n\n\n<p>Nous consulter.<\/p>\n","protected":false},"excerpt":{"rendered":"<p>OBJECTIFS PUBLIC Tout salari\u00e9 de l&rsquo;entreprise titulaire du certificat de sauveteur secouriste du travail. DUREE 7 heures (1 jour) NOMBRE DE PARTICIPANTS 4 \u00e0 10 participants maximum obligatoirement pr\u00e9sents. PROGRAMME INTERVENANT Formateur SST \u00e0 jour de sa formation continue. VALIDATION TARIFS Nous consulter.<\/p>\n","protected":false},"author":1,"featured_media":0,"parent":0,"menu_order":0,"comment_status":"closed","ping_status":"closed","template":"","meta":{"footnotes":""},"class_list":["post-471","page","type-page","status-publish","hentry"],"_links":{"self":[{"href":"https:\/\/val-et-zen.fr\/index.php\/wp-json\/wp\/v2\/pages\/471","targetHints":{"allow":["GET"]}}],"collection":[{"href":"https:\/\/val-et-zen.fr\/index.php\/wp-json\/wp\/v2\/pages"}],"about":[{"href":"https:\/\/val-et-zen.fr\/index.php\/wp-json\/wp\/v2\/types\/page"}],"author":[{"embeddable":true,"href":"https:\/\/val-et-zen.fr\/index.php\/wp-json\/wp\/v2\/users\/1"}],"replies":[{"embeddable":true,"href":"https:\/\/val-et-zen.fr\/index.php\/wp-json\/wp\/v2\/comments?post=471"}],"version-history":[{"count":1,"href":"https:\/\/val-et-zen.fr\/index.php\/wp-json\/wp\/v2\/pages\/471\/revisions"}],"predecessor-version":[{"id":472,"href":"https:\/\/val-et-zen.fr\/index.php\/wp-json\/wp\/v2\/pages\/471\/revisions\/472"}],"wp:attachment":[{"href":"https:\/\/val-et-zen.fr\/index.php\/wp-json\/wp\/v2\/media?parent=471"}],"curies":[{"name":"wp","href":"https:\/\/api.w.org\/{rel}","templated":true}]}}