{"id":475,"date":"2023-01-24T18:02:31","date_gmt":"2023-01-24T17:02:31","guid":{"rendered":"https:\/\/val-et-zen.fr\/?page_id=475"},"modified":"2023-01-24T18:02:31","modified_gmt":"2023-01-24T17:02:31","slug":"arret-cardio-respiratoire-et-accident-vasculaire-cerebral-acr-avc","status":"publish","type":"page","link":"https:\/\/val-et-zen.fr\/index.php\/arret-cardio-respiratoire-et-accident-vasculaire-cerebral-acr-avc\/","title":{"rendered":"Arr\u00eat cardio-respiratoire et accident vasculaire c\u00e9r\u00e9bral (ACR &#038; AVC)"},"content":{"rendered":"\n<p class=\"has-text-color has-medium-font-size\" style=\"color:#039333\"><strong>OBJECTIFS<\/strong><\/p>\n\n\n\n<ul class=\"wp-block-list\">\n<li>Reconna\u00eetre les signes d&rsquo;un arr\u00eat cardio-respiratoire (ACR) et d&rsquo;un accident vasculaire c\u00e9r\u00e9bral (AVC).<\/li>\n\n\n\n<li>Agir face \u00e0 une victime d&rsquo;un arr\u00eat cardio-respiratoire (ACR) et d&rsquo;un accident vasculaire c\u00e9r\u00e9bral (AVC)<\/li>\n<\/ul>\n\n\n\n<p><\/p>\n\n\n\n<p class=\"has-text-color\" style=\"color:#039333\"><strong>PUBLIC<\/strong><\/p>\n\n\n\n<p>Tout salari\u00e9 de l&rsquo;entreprise.<\/p>\n\n\n\n<p><\/p>\n\n\n\n<p class=\"has-text-color\" style=\"color:#039333\"><strong>DUREE<\/strong><\/p>\n\n\n\n<p>1 heure.<\/p>\n\n\n\n<p><\/p>\n\n\n\n<p class=\"has-text-color\" style=\"color:#039333\"><strong>NOMBRE DE PARTICIPANTS<\/strong><\/p>\n\n\n\n<p>4 \u00e0 10 participants.<\/p>\n\n\n\n<p><\/p>\n\n\n\n<p class=\"has-text-color\" style=\"color:#039333\"><strong>PROGRAMME<\/strong><\/p>\n\n\n\n<ul class=\"wp-block-list\">\n<li>Prot\u00e9ger.<\/li>\n\n\n\n<li>Conna\u00eetre le n\u00b0 des secours.<\/li>\n\n\n\n<li>Transmettre les \u00e9l\u00e9ments n\u00e9cessaires \u00e0 la venue des secours.<\/li>\n\n\n\n<li>La victime est en arr\u00eat cardio-respiratoire : reconna\u00eetre les signes et r\u00e9aliser une r\u00e9animation cardio-pulmonaire associ\u00e9e \u00e0 l&rsquo;utilisation du d\u00e9fibrillateur.<\/li>\n\n\n\n<li>La victime pr\u00e9sente un accident vasculaire c\u00e9r\u00e9bral : reconna\u00eetre les signes et r\u00e9aliser les gestes n\u00e9cessaires \u00e0 la survie de la victime.<\/li>\n<\/ul>\n\n\n\n<p><\/p>\n\n\n\n<p class=\"has-text-color\" style=\"color:#039333\"><strong>INTERVENANT<\/strong><\/p>\n\n\n\n<p>Formateur \u00e0 jour de sa formation continue.<\/p>\n\n\n\n<p><\/p>\n\n\n\n<p class=\"has-text-color\" style=\"color:#039333\"><strong>VALIDATION<\/strong><\/p>\n\n\n\n<ul class=\"wp-block-list\">\n<li>Pr\u00e9sence et participation active \u00e0 l&rsquo;ensemble de la formation.<\/li>\n\n\n\n<li>Remise d&rsquo;une attestation de suivi de formation.<\/li>\n<\/ul>\n\n\n\n<p><\/p>\n\n\n\n<p class=\"has-text-color\" style=\"color:#039333\"><strong>TARIFS<\/strong><\/p>\n\n\n\n<p>Nous consulter.<\/p>\n","protected":false},"excerpt":{"rendered":"<p>OBJECTIFS PUBLIC Tout salari\u00e9 de l&rsquo;entreprise. DUREE 1 heure. NOMBRE DE PARTICIPANTS 4 \u00e0 10 participants. PROGRAMME INTERVENANT Formateur \u00e0 jour de sa formation continue. VALIDATION TARIFS Nous consulter.<\/p>\n","protected":false},"author":1,"featured_media":0,"parent":0,"menu_order":0,"comment_status":"closed","ping_status":"closed","template":"","meta":{"footnotes":""},"class_list":["post-475","page","type-page","status-publish","hentry"],"_links":{"self":[{"href":"https:\/\/val-et-zen.fr\/index.php\/wp-json\/wp\/v2\/pages\/475","targetHints":{"allow":["GET"]}}],"collection":[{"href":"https:\/\/val-et-zen.fr\/index.php\/wp-json\/wp\/v2\/pages"}],"about":[{"href":"https:\/\/val-et-zen.fr\/index.php\/wp-json\/wp\/v2\/types\/page"}],"author":[{"embeddable":true,"href":"https:\/\/val-et-zen.fr\/index.php\/wp-json\/wp\/v2\/users\/1"}],"replies":[{"embeddable":true,"href":"https:\/\/val-et-zen.fr\/index.php\/wp-json\/wp\/v2\/comments?post=475"}],"version-history":[{"count":2,"href":"https:\/\/val-et-zen.fr\/index.php\/wp-json\/wp\/v2\/pages\/475\/revisions"}],"predecessor-version":[{"id":477,"href":"https:\/\/val-et-zen.fr\/index.php\/wp-json\/wp\/v2\/pages\/475\/revisions\/477"}],"wp:attachment":[{"href":"https:\/\/val-et-zen.fr\/index.php\/wp-json\/wp\/v2\/media?parent=475"}],"curies":[{"name":"wp","href":"https:\/\/api.w.org\/{rel}","templated":true}]}}