{"id":480,"date":"2023-01-25T17:10:19","date_gmt":"2023-01-25T16:10:19","guid":{"rendered":"https:\/\/val-et-zen.fr\/?page_id=480"},"modified":"2023-01-25T18:17:20","modified_gmt":"2023-01-25T17:17:20","slug":"urgence-immediate","status":"publish","type":"page","link":"https:\/\/val-et-zen.fr\/index.php\/urgence-immediate\/","title":{"rendered":"Urgence imm\u00e9diate de l&rsquo;adulte"},"content":{"rendered":"\n<p class=\"has-text-color has-medium-font-size\" style=\"color:#039333\"><strong>OBJECTIFS<\/strong><\/p>\n\n\n\n<ul class=\"wp-block-list\">\n<li>Savoir agir face \u00e0 une situation d&rsquo;urgence imm\u00e9diate chez l&rsquo;adulte.<\/li>\n<\/ul>\n\n\n\n<p><\/p>\n\n\n\n<p class=\"has-text-color\" style=\"color:#039333\"><strong>PUBLIC<\/strong><\/p>\n\n\n\n<p>Tout salari\u00e9 de l&rsquo;entreprise.<\/p>\n\n\n\n<p><\/p>\n\n\n\n<p class=\"has-text-color\" style=\"color:#039333\"><strong>DUREE<\/strong><\/p>\n\n\n\n<p>4 heures.<\/p>\n\n\n\n<p><\/p>\n\n\n\n<p class=\"has-text-color\" style=\"color:#039333\"><strong>NOMBRE DE PARTICIPANTS<\/strong><\/p>\n\n\n\n<p>4 \u00e0 10 participants.<\/p>\n\n\n\n<p><\/p>\n\n\n\n<p class=\"has-text-color\" style=\"color:#039333\"><strong>PROGRAMME<\/strong><\/p>\n\n\n\n<ul class=\"wp-block-list\">\n<li>Prot\u00e9ger.<\/li>\n\n\n\n<li>Conna\u00eetre le n\u00b0 des secours.<\/li>\n\n\n\n<li>Transmettre les \u00e9l\u00e9ments n\u00e9cessaires \u00e0 la venue des secours.<\/li>\n\n\n\n<li>La victime s&rsquo;\u00e9touffe.<\/li>\n\n\n\n<li>La victime saigne abondamment.<\/li>\n\n\n\n<li>La victime est inconsciente mais respire.<\/li>\n\n\n\n<li>La victime est inconsciente et ne respire plus.<\/li>\n<\/ul>\n\n\n\n<p><\/p>\n\n\n\n<p class=\"has-text-color\" style=\"color:#039333\"><strong>INTERVENANT<\/strong><\/p>\n\n\n\n<p>Formateur \u00e0 jour de sa formation continue.<\/p>\n\n\n\n<p><\/p>\n\n\n\n<p class=\"has-text-color\" style=\"color:#039333\"><strong>VALIDATION<\/strong><\/p>\n\n\n\n<ul class=\"wp-block-list\">\n<li>Pr\u00e9sence et participation active \u00e0 l&rsquo;ensemble de la formation.<\/li>\n\n\n\n<li>Remise d&rsquo;une attestation de suivi de formation.<\/li>\n<\/ul>\n\n\n\n<p><\/p>\n\n\n\n<p class=\"has-text-color\" style=\"color:#039333\"><strong>TARIFS<\/strong><\/p>\n\n\n\n<p>Nous consulter.<\/p>\n","protected":false},"excerpt":{"rendered":"<p>OBJECTIFS PUBLIC Tout salari\u00e9 de l&rsquo;entreprise. DUREE 4 heures. NOMBRE DE PARTICIPANTS 4 \u00e0 10 participants. PROGRAMME INTERVENANT Formateur \u00e0 jour de sa formation continue. VALIDATION TARIFS Nous consulter.<\/p>\n","protected":false},"author":1,"featured_media":0,"parent":0,"menu_order":0,"comment_status":"closed","ping_status":"closed","template":"","meta":{"footnotes":""},"class_list":["post-480","page","type-page","status-publish","hentry"],"_links":{"self":[{"href":"https:\/\/val-et-zen.fr\/index.php\/wp-json\/wp\/v2\/pages\/480","targetHints":{"allow":["GET"]}}],"collection":[{"href":"https:\/\/val-et-zen.fr\/index.php\/wp-json\/wp\/v2\/pages"}],"about":[{"href":"https:\/\/val-et-zen.fr\/index.php\/wp-json\/wp\/v2\/types\/page"}],"author":[{"embeddable":true,"href":"https:\/\/val-et-zen.fr\/index.php\/wp-json\/wp\/v2\/users\/1"}],"replies":[{"embeddable":true,"href":"https:\/\/val-et-zen.fr\/index.php\/wp-json\/wp\/v2\/comments?post=480"}],"version-history":[{"count":2,"href":"https:\/\/val-et-zen.fr\/index.php\/wp-json\/wp\/v2\/pages\/480\/revisions"}],"predecessor-version":[{"id":503,"href":"https:\/\/val-et-zen.fr\/index.php\/wp-json\/wp\/v2\/pages\/480\/revisions\/503"}],"wp:attachment":[{"href":"https:\/\/val-et-zen.fr\/index.php\/wp-json\/wp\/v2\/media?parent=480"}],"curies":[{"name":"wp","href":"https:\/\/api.w.org\/{rel}","templated":true}]}}