{"id":516,"date":"2023-02-06T14:48:36","date_gmt":"2023-02-06T13:48:36","guid":{"rendered":"https:\/\/val-et-zen.fr\/?page_id=516"},"modified":"2023-02-06T14:48:36","modified_gmt":"2023-02-06T13:48:36","slug":"simulation-daccident-en-entreprise-sae","status":"publish","type":"page","link":"https:\/\/val-et-zen.fr\/index.php\/simulation-daccident-en-entreprise-sae\/","title":{"rendered":"Simulation d&rsquo;accident en entreprise (SAE)"},"content":{"rendered":"\n<p class=\"has-text-color has-medium-font-size\" style=\"color:#039333\"><strong>OBJECTIFS<\/strong><\/p>\n\n\n\n<ul class=\"wp-block-list\">\n<li>Savoir agir face \u00e0 une situation d&rsquo;accident dans les conditions r\u00e9elles et dans le respect des proc\u00e9dures internes de l&rsquo;entreprise.<\/li>\n<\/ul>\n\n\n\n<p><\/p>\n\n\n\n<p class=\"has-text-color\" style=\"color:#039333\"><strong>PUBLIC<\/strong><\/p>\n\n\n\n<p>Tout salari\u00e9 de l&rsquo;entreprise \u00e9tant titulaire du certificat de sauveteur secouriste du travail.<\/p>\n\n\n\n<p><\/p>\n\n\n\n<p class=\"has-text-color\" style=\"color:#039333\"><strong>DUREE<\/strong><\/p>\n\n\n\n<p>4 heures.<\/p>\n\n\n\n<p><\/p>\n\n\n\n<p class=\"has-text-color\" style=\"color:#039333\"><strong>NOMBRE DE PARTICIPANTS<\/strong><\/p>\n\n\n\n<p>4 \u00e0 10 participants.<\/p>\n\n\n\n<p><\/p>\n\n\n\n<p class=\"has-text-color\" style=\"color:#039333\"><strong>PROGRAMME<\/strong><\/p>\n\n\n\n<ul class=\"wp-block-list\">\n<li>Rappel des proc\u00e9dures internes.<\/li>\n\n\n\n<li>Mise en situation d&rsquo;accidents simul\u00e9s dans les locaux de l&rsquo;entreprise.<\/li>\n\n\n\n<li>Echanges \/ Discussions.<\/li>\n<\/ul>\n\n\n\n<p><\/p>\n\n\n\n<p class=\"has-text-color\" style=\"color:#039333\"><strong>INTERVENANT<\/strong><\/p>\n\n\n\n<p>Formateur \u00e0 jour de sa formation continue.<\/p>\n\n\n\n<p><\/p>\n\n\n\n<p class=\"has-text-color\" style=\"color:#039333\"><strong>VALIDATION<\/strong><\/p>\n\n\n\n<ul class=\"wp-block-list\">\n<li>Pr\u00e9sence et participation active \u00e0 l&rsquo;ensemble de la formation.<\/li>\n\n\n\n<li>Remise d&rsquo;une attestation de suivi de formation.<\/li>\n<\/ul>\n\n\n\n<p><\/p>\n\n\n\n<p class=\"has-text-color\" style=\"color:#039333\"><strong>TARIFS<\/strong><\/p>\n\n\n\n<p>Nous consulter.<\/p>\n","protected":false},"excerpt":{"rendered":"<p>OBJECTIFS PUBLIC Tout salari\u00e9 de l&rsquo;entreprise \u00e9tant titulaire du certificat de sauveteur secouriste du travail. DUREE 4 heures. NOMBRE DE PARTICIPANTS 4 \u00e0 10 participants. PROGRAMME INTERVENANT Formateur \u00e0 jour de sa formation continue. VALIDATION TARIFS Nous consulter.<\/p>\n","protected":false},"author":1,"featured_media":0,"parent":0,"menu_order":0,"comment_status":"closed","ping_status":"closed","template":"","meta":{"footnotes":""},"class_list":["post-516","page","type-page","status-publish","hentry"],"_links":{"self":[{"href":"https:\/\/val-et-zen.fr\/index.php\/wp-json\/wp\/v2\/pages\/516","targetHints":{"allow":["GET"]}}],"collection":[{"href":"https:\/\/val-et-zen.fr\/index.php\/wp-json\/wp\/v2\/pages"}],"about":[{"href":"https:\/\/val-et-zen.fr\/index.php\/wp-json\/wp\/v2\/types\/page"}],"author":[{"embeddable":true,"href":"https:\/\/val-et-zen.fr\/index.php\/wp-json\/wp\/v2\/users\/1"}],"replies":[{"embeddable":true,"href":"https:\/\/val-et-zen.fr\/index.php\/wp-json\/wp\/v2\/comments?post=516"}],"version-history":[{"count":2,"href":"https:\/\/val-et-zen.fr\/index.php\/wp-json\/wp\/v2\/pages\/516\/revisions"}],"predecessor-version":[{"id":518,"href":"https:\/\/val-et-zen.fr\/index.php\/wp-json\/wp\/v2\/pages\/516\/revisions\/518"}],"wp:attachment":[{"href":"https:\/\/val-et-zen.fr\/index.php\/wp-json\/wp\/v2\/media?parent=516"}],"curies":[{"name":"wp","href":"https:\/\/api.w.org\/{rel}","templated":true}]}}