{"id":525,"date":"2023-02-06T16:10:44","date_gmt":"2023-02-06T15:10:44","guid":{"rendered":"https:\/\/val-et-zen.fr\/?page_id=525"},"modified":"2023-02-06T16:10:44","modified_gmt":"2023-02-06T15:10:44","slug":"gestes-et-postures-manutention-7h","status":"publish","type":"page","link":"https:\/\/val-et-zen.fr\/index.php\/gestes-et-postures-manutention-7h\/","title":{"rendered":"Gestes et postures \/ Manutention (7h)"},"content":{"rendered":"\n<p class=\"has-text-color has-medium-font-size\" style=\"color:#039333\"><strong>OBJECTIFS<\/strong><\/p>\n\n\n\n<ul class=\"wp-block-list\">\n<li>Acqu\u00e9rir les connaissances n\u00e9cessaires afin de diminuer les risques d&rsquo;accidents du travail et maladies professionnelles li\u00e9s aux activit\u00e9s physiques.<\/li>\n\n\n\n<li>Participer \u00e0 l&rsquo;am\u00e9lioration des conditions de travail.<\/li>\n<\/ul>\n\n\n\n<p><\/p>\n\n\n\n<p class=\"has-text-color\" style=\"color:#039333\"><strong>PUBLIC<\/strong><\/p>\n\n\n\n<p>Tout salari\u00e9 de l&rsquo;entreprise effectuant de la manutention de charges lourdes.<\/p>\n\n\n\n<p><\/p>\n\n\n\n<p class=\"has-text-color\" style=\"color:#039333\"><strong>DUREE<\/strong><\/p>\n\n\n\n<p>7 heures.<\/p>\n\n\n\n<p><\/p>\n\n\n\n<p class=\"has-text-color\" style=\"color:#039333\"><strong>NOMBRE DE PARTICIPANTS<\/strong><\/p>\n\n\n\n<p>4 \u00e0 10 participants.<\/p>\n\n\n\n<p><\/p>\n\n\n\n<p class=\"has-text-color\" style=\"color:#039333\"><strong>PROGRAMME<\/strong><\/p>\n\n\n\n<ul class=\"wp-block-list\">\n<li>Statistiques des accidents du travail et maladies professionnelles li\u00e9s aux gestes et postures et \u00e0 la manutention.<\/li>\n\n\n\n<li>Anatomie : squelette, muscles, groupes musculaires impliqu\u00e9s dans le mouvement.<\/li>\n\n\n\n<li>Atteintes de la colonne vert\u00e9brale.<\/li>\n\n\n\n<li>Atteintes des articulations.<\/li>\n\n\n\n<li>Mesures de pr\u00e9vention.<\/li>\n\n\n\n<li>Echauffements et \u00e9tirements.<\/li>\n\n\n\n<li>Applications professionnelles.<\/li>\n\n\n\n<li>Analyse des postes de travail.<\/li>\n<\/ul>\n\n\n\n<p><\/p>\n\n\n\n<p class=\"has-text-color\" style=\"color:#039333\"><strong>INTERVENANT<\/strong><\/p>\n\n\n\n<p>Formateur \u00e0 jour de sa formation continue.<\/p>\n\n\n\n<p><\/p>\n\n\n\n<p class=\"has-text-color\" style=\"color:#039333\"><strong>VALIDATION<\/strong><\/p>\n\n\n\n<ul class=\"wp-block-list\">\n<li>Pr\u00e9sence et participation active \u00e0 l&rsquo;ensemble de la formation.<\/li>\n\n\n\n<li>Remise d&rsquo;une attestation de suivi de formation.<\/li>\n<\/ul>\n\n\n\n<p><\/p>\n\n\n\n<p class=\"has-text-color\" style=\"color:#039333\"><strong>TARIFS<\/strong><\/p>\n\n\n\n<p>Nous consulter.<\/p>\n","protected":false},"excerpt":{"rendered":"<p>OBJECTIFS PUBLIC Tout salari\u00e9 de l&rsquo;entreprise effectuant de la manutention de charges lourdes. DUREE 7 heures. NOMBRE DE PARTICIPANTS 4 \u00e0 10 participants. PROGRAMME INTERVENANT Formateur \u00e0 jour de sa formation continue. VALIDATION TARIFS Nous consulter.<\/p>\n","protected":false},"author":1,"featured_media":0,"parent":0,"menu_order":0,"comment_status":"closed","ping_status":"closed","template":"","meta":{"footnotes":""},"class_list":["post-525","page","type-page","status-publish","hentry"],"_links":{"self":[{"href":"https:\/\/val-et-zen.fr\/index.php\/wp-json\/wp\/v2\/pages\/525","targetHints":{"allow":["GET"]}}],"collection":[{"href":"https:\/\/val-et-zen.fr\/index.php\/wp-json\/wp\/v2\/pages"}],"about":[{"href":"https:\/\/val-et-zen.fr\/index.php\/wp-json\/wp\/v2\/types\/page"}],"author":[{"embeddable":true,"href":"https:\/\/val-et-zen.fr\/index.php\/wp-json\/wp\/v2\/users\/1"}],"replies":[{"embeddable":true,"href":"https:\/\/val-et-zen.fr\/index.php\/wp-json\/wp\/v2\/comments?post=525"}],"version-history":[{"count":1,"href":"https:\/\/val-et-zen.fr\/index.php\/wp-json\/wp\/v2\/pages\/525\/revisions"}],"predecessor-version":[{"id":526,"href":"https:\/\/val-et-zen.fr\/index.php\/wp-json\/wp\/v2\/pages\/525\/revisions\/526"}],"wp:attachment":[{"href":"https:\/\/val-et-zen.fr\/index.php\/wp-json\/wp\/v2\/media?parent=525"}],"curies":[{"name":"wp","href":"https:\/\/api.w.org\/{rel}","templated":true}]}}