{"id":82,"date":"2018-06-28T15:34:09","date_gmt":"2018-06-28T13:34:09","guid":{"rendered":"http:\/\/val-et-zen.fr\/?page_id=82"},"modified":"2023-10-10T15:49:28","modified_gmt":"2023-10-10T13:49:28","slug":"bien-etre-massages-detente","status":"publish","type":"page","link":"https:\/\/val-et-zen.fr\/index.php\/bien-etre-massages-detente\/","title":{"rendered":"Bien-\u00eatre et massages"},"content":{"rendered":"\n<figure class=\"wp-block-image is-resized\"><img loading=\"lazy\" decoding=\"async\" src=\"https:\/\/val-et-zen.fr\/wp-content\/uploads\/2023\/10\/DSC_39910001-300x77.jpg\" alt=\"\" class=\"wp-image-584\" style=\"width:691px;height:177px\" width=\"691\" height=\"177\" srcset=\"https:\/\/val-et-zen.fr\/wp-content\/uploads\/2023\/10\/DSC_39910001-300x77.jpg 300w, https:\/\/val-et-zen.fr\/wp-content\/uploads\/2023\/10\/DSC_39910001-1024x262.jpg 1024w, https:\/\/val-et-zen.fr\/wp-content\/uploads\/2023\/10\/DSC_39910001-768x197.jpg 768w, https:\/\/val-et-zen.fr\/wp-content\/uploads\/2023\/10\/DSC_39910001-1536x393.jpg 1536w, https:\/\/val-et-zen.fr\/wp-content\/uploads\/2023\/10\/DSC_39910001.jpg 2048w\" sizes=\"auto, (max-width: 691px) 100vw, 691px\" \/><\/figure>\n\n\n\n<p><\/p>\n\n\n\n<p>Nous vivons dans un monde o\u00f9 tout va vite\u2026 Tout doit aller vite\u2026 Tout est urgent\u2026<\/p>\n\n\n\n<p>De plus, il faut constamment \u00eatre performant et cette qu\u00eate de performance \u00e0 tous les niveaux pousse l\u2019organisme jusqu\u2019\u00e0 ses limites. C\u2019est \u00e0 ce moment l\u00e0 que notre corps nous fait comprendre qu\u2019il est \u00e0 bout et qu\u2019il aimerait que l\u2019on prenne plus soin de lui et qu\u2019on le malm\u00e8ne moins.<\/p>\n\n\n\n<p>Dans cette fr\u00e9n\u00e9sie quotidienne, nous ne nous octroyons pas le droit de souffler, prendre soin de nous int\u00e9rieurement et ext\u00e9rieurement.<\/p>\n\n\n<div class=\"wp-block-image\">\n<figure class=\"alignright\"><img loading=\"lazy\" decoding=\"async\" width=\"300\" height=\"233\" src=\"http:\/\/val-et-zen.fr\/wp-content\/uploads\/2018\/06\/dessin-massage-300x233.png\" alt=\"\" class=\"wp-image-99\" srcset=\"https:\/\/val-et-zen.fr\/wp-content\/uploads\/2018\/06\/dessin-massage-300x233.png 300w, https:\/\/val-et-zen.fr\/wp-content\/uploads\/2018\/06\/dessin-massage-768x597.png 768w, https:\/\/val-et-zen.fr\/wp-content\/uploads\/2018\/06\/dessin-massage.png 926w\" sizes=\"auto, (max-width: 300px) 100vw, 300px\" \/><\/figure>\n<\/div>\n\n\n<p>Le massage bien-\u00eatre permet de&nbsp;:<\/p>\n\n\n\n<ul class=\"wp-block-list\">\n<li>se recentrer,<\/li>\n\n\n\n<li>se lib\u00e9rer des tensions accumul\u00e9es,<\/li>\n\n\n\n<li>stimuler le syst\u00e8me immunitaire,<\/li>\n\n\n\n<li>faciliter le sommeil,<\/li>\n\n\n\n<li>se plonger dans un \u00e9tat de bien-\u00eatre profond et durable.<\/li>\n<\/ul>\n\n\n\n<p>Votre corps est le seul endroit o\u00f9 vous n\u2019avez pas le choix de vivre. Alors autant \u00eatre bon et doux avec lui, il vous le rendra bien&nbsp;!<\/p>\n\n\n\n<p>Vous ne savez pas comment faire pour prendre soin de vous&nbsp;? Laissez <strong>VAL &amp; ZEN<\/strong> le faire pour vous&nbsp;!<\/p>\n\n\n\n<p>Laissez-vous aller \u00e0 un voyage sensoriel et olfactif gr\u00e2ce aux massages venus de pays o\u00f9 le massage bien-\u00eatre est utilis\u00e9 tant pour soigner et soulager le corps que l\u2019\u00e2me. Bien plus qu\u2019un soin, c\u2019est une th\u00e9rapie dans ces pays.<\/p>\n\n\n<div class=\"wp-block-image\">\n<figure class=\"alignleft\"><img loading=\"lazy\" decoding=\"async\" width=\"150\" height=\"115\" src=\"http:\/\/val-et-zen.fr\/wp-content\/uploads\/2018\/06\/FFMBE-logo-RVB_petit.jpg\" alt=\"\" class=\"wp-image-100\"\/><\/figure>\n<\/div>\n\n\n<p><em>Praticienne en massage bien-\u00eatre certifi\u00e9e par l\u2019Ecole AZENDAY et agr\u00e9\u00e9e par la <a href=\"https:\/\/val-et-zen.fr\/wp-content\/uploads\/2021\/02\/FFMBE-flyer-Val-Zen.pdf\">F\u00e9d\u00e9ration Fran\u00e7aise de Massage Bien-\u00catre<\/a> (FFMBE), je dispense un service de qualit\u00e9 et s\u00e9rieux.<\/em><\/p>\n\n\n<div class=\"wp-block-image\">\n<figure class=\"alignright is-resized\"><img loading=\"lazy\" decoding=\"async\" src=\"http:\/\/val-et-zen.fr\/wp-content\/uploads\/2018\/06\/Attention-161x300.png\" alt=\"\" class=\"wp-image-101\" style=\"width:50px;height:92px\" width=\"50\" height=\"92\" srcset=\"https:\/\/val-et-zen.fr\/wp-content\/uploads\/2018\/06\/Attention-161x300.png 161w, https:\/\/val-et-zen.fr\/wp-content\/uploads\/2018\/06\/Attention-768x1434.png 768w, https:\/\/val-et-zen.fr\/wp-content\/uploads\/2018\/06\/Attention-549x1024.png 549w, https:\/\/val-et-zen.fr\/wp-content\/uploads\/2018\/06\/Attention.png 1500w\" sizes=\"auto, (max-width: 50px) 100vw, 50px\" \/><\/figure>\n<\/div>\n\n\n<p><strong>Les massages bien-\u00eatre n\u2019ont aucun but th\u00e9rapeutique et ne se <\/strong><strong>substituent en <\/strong><strong>aucun cas \u00e0 un parcours de soin classique effectu\u00e9 par <\/strong><strong>un <\/strong><strong>kin\u00e9sith\u00e9rapeute ou un ost\u00e9opathe.<\/strong><\/p>\n\n\n\n<p>Au plaisir de vous procurer bien-\u00eatre et d\u00e9tente dans votre entreprise ou \u00e0 votre domicile !<\/p>\n\n\n\n<p><\/p>\n\n\n<div class=\"wp-block-image\">\n<figure class=\"aligncenter size-full is-resized\"><img loading=\"lazy\" decoding=\"async\" src=\"https:\/\/val-et-zen.fr\/wp-content\/uploads\/2023\/10\/Travaux-en-cours-2.jpg\" alt=\"\" class=\"wp-image-589\" style=\"width:301px;height:244px\" width=\"301\" height=\"244\"\/><\/figure>\n<\/div>\n\n\n<p class=\"has-text-color has-medium-font-size\" style=\"color:#9938ab\"><strong>Le d\u00e9tail des prestations que nous proposons est en cours de maintenance. Nous nous excusons pour la g\u00eane occasionn\u00e9e. N&rsquo;h\u00e9sitez pas \u00e0 nous contacter au 06 72 54 77 28 pour en savoir plus.<\/strong><\/p>\n\n\n\n<p><\/p>\n\n\n\n<div class=\"wp-block-media-text is-stacked-on-mobile\" style=\"grid-template-columns:18% auto\"><figure class=\"wp-block-media-text__media\"><img loading=\"lazy\" decoding=\"async\" width=\"189\" height=\"120\" src=\"https:\/\/val-et-zen.fr\/wp-content\/uploads\/2023\/10\/Attention.png\" alt=\"\" class=\"wp-image-602 size-full\"\/><\/figure><div class=\"wp-block-media-text__content\">\n<p class=\"has-text-align-left\"><strong>En raison d&rsquo;un grand nombre de rendez-vous non honor\u00e9s par les clients, toutes nos prestations de massage bien-\u00eatre seront payables \u00e0 l&rsquo;avance lors de la prise de rendez-vous.<\/strong><\/p>\n<\/div><\/div>\n\n\n\n<p class=\"has-text-align-center\"><\/p>\n\n\n\n<h5 class=\"wp-block-heading has-text-align-center\"><span style=\"color: #cc3399;\">Massages habill\u00e9s<\/span><\/h5>\n\n\n<div class=\"wp-block-image\">\n<figure class=\"aligncenter size-full\"><img loading=\"lazy\" decoding=\"async\" width=\"329\" height=\"153\" src=\"https:\/\/val-et-zen.fr\/wp-content\/uploads\/2023\/10\/Travaux-en-cours-3.jpg\" alt=\"\" class=\"wp-image-590\" srcset=\"https:\/\/val-et-zen.fr\/wp-content\/uploads\/2023\/10\/Travaux-en-cours-3.jpg 329w, https:\/\/val-et-zen.fr\/wp-content\/uploads\/2023\/10\/Travaux-en-cours-3-300x140.jpg 300w\" sizes=\"auto, (max-width: 329px) 100vw, 329px\" \/><\/figure>\n<\/div>\n\n\n<h5 class=\"wp-block-heading has-text-align-center\"><span style=\"color: #cc3399;\">Massages huil\u00e9s<\/span><\/h5>\n\n\n\n<p class=\"has-text-align-center\"><\/p>\n\n\n<div class=\"wp-block-image\">\n<figure class=\"aligncenter size-full\"><img loading=\"lazy\" decoding=\"async\" width=\"329\" height=\"153\" src=\"https:\/\/val-et-zen.fr\/wp-content\/uploads\/2023\/10\/Travaux-en-cours-3.jpg\" alt=\"\" class=\"wp-image-590\" srcset=\"https:\/\/val-et-zen.fr\/wp-content\/uploads\/2023\/10\/Travaux-en-cours-3.jpg 329w, https:\/\/val-et-zen.fr\/wp-content\/uploads\/2023\/10\/Travaux-en-cours-3-300x140.jpg 300w\" sizes=\"auto, (max-width: 329px) 100vw, 329px\" \/><\/figure>\n<\/div>\n\n\n<p class=\"has-text-align-center\"><span style=\"color: #cc3399;\"><strong>FORFAITS MASSAGES<\/strong><\/span><\/p>\n\n\n\n<p class=\"has-text-align-center\"><\/p>\n\n\n<div class=\"wp-block-image\">\n<figure class=\"aligncenter size-full\"><img loading=\"lazy\" decoding=\"async\" width=\"329\" height=\"153\" src=\"https:\/\/val-et-zen.fr\/wp-content\/uploads\/2023\/10\/Travaux-en-cours-3.jpg\" alt=\"\" class=\"wp-image-590\" srcset=\"https:\/\/val-et-zen.fr\/wp-content\/uploads\/2023\/10\/Travaux-en-cours-3.jpg 329w, https:\/\/val-et-zen.fr\/wp-content\/uploads\/2023\/10\/Travaux-en-cours-3-300x140.jpg 300w\" sizes=\"auto, (max-width: 329px) 100vw, 329px\" \/><\/figure>\n<\/div>\n\n\n<p class=\"has-text-align-center\"><strong>Pour toute demande de rendez-vous, contactez-nous au :<\/strong><\/p>\n\n\n\n<p class=\"has-text-align-center\"><strong>06 72 54 77 28<\/strong><\/p>\n\n\n\n<p class=\"has-text-align-center\"><strong>ou<\/strong><\/p>\n\n\n\n<p class=\"has-text-align-center\"><strong>val-et-zen@numericable.fr<\/strong><\/p>\n","protected":false},"excerpt":{"rendered":"<p>Nous vivons dans un monde o\u00f9 tout va vite\u2026 Tout doit aller vite\u2026 Tout est urgent\u2026 De plus, il faut constamment \u00eatre performant et cette qu\u00eate de performance \u00e0 tous les niveaux pousse l\u2019organisme jusqu\u2019\u00e0 ses limites. C\u2019est \u00e0 ce moment l\u00e0 que notre corps nous fait comprendre qu\u2019il est \u00e0 bout et qu\u2019il aimerait &hellip; <a href=\"https:\/\/val-et-zen.fr\/index.php\/bien-etre-massages-detente\/\" class=\"more-link\">Continuer la lecture de <span class=\"screen-reader-text\">Bien-\u00eatre et massages<\/span><\/a><\/p>\n","protected":false},"author":1,"featured_media":0,"parent":0,"menu_order":0,"comment_status":"closed","ping_status":"closed","template":"","meta":{"footnotes":""},"class_list":["post-82","page","type-page","status-publish","hentry"],"_links":{"self":[{"href":"https:\/\/val-et-zen.fr\/index.php\/wp-json\/wp\/v2\/pages\/82","targetHints":{"allow":["GET"]}}],"collection":[{"href":"https:\/\/val-et-zen.fr\/index.php\/wp-json\/wp\/v2\/pages"}],"about":[{"href":"https:\/\/val-et-zen.fr\/index.php\/wp-json\/wp\/v2\/types\/page"}],"author":[{"embeddable":true,"href":"https:\/\/val-et-zen.fr\/index.php\/wp-json\/wp\/v2\/users\/1"}],"replies":[{"embeddable":true,"href":"https:\/\/val-et-zen.fr\/index.php\/wp-json\/wp\/v2\/comments?post=82"}],"version-history":[{"count":26,"href":"https:\/\/val-et-zen.fr\/index.php\/wp-json\/wp\/v2\/pages\/82\/revisions"}],"predecessor-version":[{"id":603,"href":"https:\/\/val-et-zen.fr\/index.php\/wp-json\/wp\/v2\/pages\/82\/revisions\/603"}],"wp:attachment":[{"href":"https:\/\/val-et-zen.fr\/index.php\/wp-json\/wp\/v2\/media?parent=82"}],"curies":[{"name":"wp","href":"https:\/\/api.w.org\/{rel}","templated":true}]}}